{"id":12,"date":"2016-05-07T12:22:07","date_gmt":"2016-05-07T12:22:07","guid":{"rendered":"http:\/\/erlebensraum-musik.de\/?page_id=12"},"modified":"2024-10-28T13:34:25","modified_gmt":"2024-10-28T13:34:25","slug":"stimme","status":"publish","type":"page","link":"http:\/\/erlebensraum-musik.de\/?page_id=12","title":{"rendered":"Stimmbildung und Gesangsunterricht"},"content":{"rendered":"<p>Der Weg zu Sprache und Gesang kommt schon schon mit dem Beginn des Leben in Fluss. Pr\u00e4gend ist, was ein Mensch um sich herum h\u00f6rt, erf\u00e4hrt und wahrnehmen kann. Stimmentwicklung geschieht, von dieser Warte aus betrachtet, scheinbar von alleine. Sprechen und Singen k\u00f6nnen sich im Heranwachsen auf sehr nat\u00fcrliche Weise entwickeln. Wozu brauchen wir also Stimmbildung?<\/p>\n<h3><em><strong>Stimmbildung<\/strong><\/em><\/h3>\n<p>Stimmbildung f\u00f6rdert die Reifung und Entfaltung unserer Stimme. Sie hilft, die eigene Stimmfunktion besser kennenzulernen. Das f\u00fchrt zu einem bewussteren und vertrauteren Umgang mit der eigenen Stimme. Die erworbenen Erfahrungen schenken Verl\u00e4sslichkeit im Umgang mit der eigenen Stimmfunktion. F\u00fcr S\u00e4nger, Sprecher und alle die auf ihre Stimme angewiesen sind, ist das ein Gewinn. Funktionale Stimmbildung sch\u00fctzt vor stimmlicher \u00dcberlastung, gibt dem Stimmklang Tragf\u00e4higkeit, Glanz und f\u00fchrt in eine Balance zwischen K\u00f6rper und Stimmfunktion.<\/p>\n<h3><em><strong>Gesangsunterricht<\/strong><\/em><\/h3>\n<p>Die Inhalte der Stimmbildung und die Balance zwischen K\u00f6rper und Stimme spielen auch im Gesangsunterricht eine wichtige Rolle. Der \u00dcbergang von Stimmbildung zum Gesangsunterricht ist durchaus flie\u00dfend. Synergien in jeder Weise m\u00f6glich. Im Gesangsunterricht werden zudem Lieder einstudiert und die Interpretation von Gesangsliteratur geschult.<\/p>\n<p>&nbsp;<\/p>\n<p><img loading=\"lazy\" decoding=\"async\" class=\"wp-image-657 aligncenter\" src=\"http:\/\/erlebensraum-musik.de\/wp-content\/uploads\/2024\/09\/DSC0636-199x300.jpg\" alt=\"\" width=\"344\" height=\"518\" srcset=\"http:\/\/erlebensraum-musik.de\/wp-content\/uploads\/2024\/09\/DSC0636-199x300.jpg 199w, http:\/\/erlebensraum-musik.de\/wp-content\/uploads\/2024\/09\/DSC0636-680x1024.jpg 680w, http:\/\/erlebensraum-musik.de\/wp-content\/uploads\/2024\/09\/DSC0636-768x1156.jpg 768w, http:\/\/erlebensraum-musik.de\/wp-content\/uploads\/2024\/09\/DSC0636-1020x1536.jpg 1020w, http:\/\/erlebensraum-musik.de\/wp-content\/uploads\/2024\/09\/DSC0636-1360x2048.jpg 1360w, http:\/\/erlebensraum-musik.de\/wp-content\/uploads\/2024\/09\/DSC0636-scaled.jpg 1700w\" sizes=\"auto, (max-width: 344px) 100vw, 344px\" \/><\/p>\n<p><strong>Angebote:<\/strong><\/p>\n<ul>\n<li>\n<h6>Einzelunterricht: Stimmbildung\/ Gesangsunterricht:<em> Termine nach Vereinbarung<\/em><\/h6>\n<\/li>\n<li>\n<h6>Stimmbildung f\u00fcr Ch\u00f6re und Gesangsgruppen<\/h6>\n<\/li>\n<li>\n<h6>Stimmerfahrung in Gruppen<\/h6>\n<\/li>\n<li>\n<h6>Chorprojekte und Workshops<\/h6>\n<\/li>\n<\/ul>\n","protected":false},"excerpt":{"rendered":"<p>Der Weg zu Sprache und Gesang kommt schon schon mit dem Beginn des Leben in Fluss. Pr\u00e4gend ist, was ein Mensch um sich herum h\u00f6rt, erf\u00e4hrt und wahrnehmen kann. Stimmentwicklung geschieht, von dieser Warte aus betrachtet, scheinbar von alleine. Sprechen und Singen k\u00f6nnen sich im Heranwachsen auf sehr nat\u00fcrliche Weise entwickeln. Wozu brauchen wir also [&hellip;]<\/p>\n","protected":false},"author":1,"featured_media":0,"parent":0,"menu_order":3,"comment_status":"closed","ping_status":"closed","template":"","meta":{"footnotes":""},"class_list":["post-12","page","type-page","status-publish","hentry"],"_links":{"self":[{"href":"http:\/\/erlebensraum-musik.de\/index.php?rest_route=\/wp\/v2\/pages\/12","targetHints":{"allow":["GET"]}}],"collection":[{"href":"http:\/\/erlebensraum-musik.de\/index.php?rest_route=\/wp\/v2\/pages"}],"about":[{"href":"http:\/\/erlebensraum-musik.de\/index.php?rest_route=\/wp\/v2\/types\/page"}],"author":[{"embeddable":true,"href":"http:\/\/erlebensraum-musik.de\/index.php?rest_route=\/wp\/v2\/users\/1"}],"replies":[{"embeddable":true,"href":"http:\/\/erlebensraum-musik.de\/index.php?rest_route=%2Fwp%2Fv2%2Fcomments&post=12"}],"version-history":[{"count":67,"href":"http:\/\/erlebensraum-musik.de\/index.php?rest_route=\/wp\/v2\/pages\/12\/revisions"}],"predecessor-version":[{"id":701,"href":"http:\/\/erlebensraum-musik.de\/index.php?rest_route=\/wp\/v2\/pages\/12\/revisions\/701"}],"wp:attachment":[{"href":"http:\/\/erlebensraum-musik.de\/index.php?rest_route=%2Fwp%2Fv2%2Fmedia&parent=12"}],"curies":[{"name":"wp","href":"https:\/\/api.w.org\/{rel}","templated":true}]}}