{"id":14,"date":"2016-05-07T12:23:17","date_gmt":"2016-05-07T12:23:17","guid":{"rendered":"http:\/\/erlebensraum-musik.de\/?page_id=14"},"modified":"2024-09-17T08:33:12","modified_gmt":"2024-09-17T08:33:12","slug":"instrumentalspiel","status":"publish","type":"page","link":"http:\/\/erlebensraum-musik.de\/?page_id=14","title":{"rendered":"Instrumentalunterricht"},"content":{"rendered":"<p style=\"text-align: left;\"><strong>Blockfl\u00f6ten:<\/strong> Die Blockfl\u00f6te ist ein wunderbares Instrument!\u00a0 Als ein Instrument wahrhaft biblischen Alters ist sie weit mehr als ein einfaches Einstiegsinstrument! Wer sie richtig versteht hat ein Instrument, das in jeder Lebenslage einen w\u00e4rmenden und reichen Klang zu schenken vermag.<\/p>\n<p><img loading=\"lazy\" decoding=\"async\" class=\" wp-image-666 aligncenter\" src=\"http:\/\/erlebensraum-musik.de\/wp-content\/uploads\/2024\/09\/DSC0659-199x300.jpg\" alt=\"\" width=\"224\" height=\"338\" srcset=\"http:\/\/erlebensraum-musik.de\/wp-content\/uploads\/2024\/09\/DSC0659-199x300.jpg 199w, http:\/\/erlebensraum-musik.de\/wp-content\/uploads\/2024\/09\/DSC0659-680x1024.jpg 680w, http:\/\/erlebensraum-musik.de\/wp-content\/uploads\/2024\/09\/DSC0659-768x1156.jpg 768w, http:\/\/erlebensraum-musik.de\/wp-content\/uploads\/2024\/09\/DSC0659-1020x1536.jpg 1020w, http:\/\/erlebensraum-musik.de\/wp-content\/uploads\/2024\/09\/DSC0659-1360x2048.jpg 1360w, http:\/\/erlebensraum-musik.de\/wp-content\/uploads\/2024\/09\/DSC0659-scaled.jpg 1700w\" sizes=\"auto, (max-width: 224px) 100vw, 224px\" \/><\/p>\n<p style=\"text-align: left;\"><strong>Ukulele:<\/strong> eine kleine\u00a0Gitarre mit zartem Klang und sie findet \u00fcberall einen Platz im Gep\u00e4ck! Als Erstinstrument f\u00fcr Kinder ist die Ukulele beliebt. Doch auch f\u00fcr Erwachsene ist sie ein sch\u00f6nes Begleitinstrument.<\/p>\n<p style=\"text-align: center;\"><em><strong>Instrumentalspiel und Gesang k\u00f6nnen voneinander profitieren.<\/strong><\/em><\/p>\n<p>Kehlkopf und K\u00f6rper bilden eine Einheit. Sprechen und Singen sind ein &#8222;ganzheitliches&#8220; Geschehen. Aufgrund seiner anatomischen Lage und seiner vielf\u00e4ltigen Aufgaben in unseren K\u00f6rper ist der Kehlkopf auch dann ein aufmerksamer Begleiter unseres Handelns, wenn wir nicht stimmlich aktiv sind. Auch im Instrumentalspiel ist der Kehlkopf &#8222;dabei&#8220;.<\/p>\n<p><img loading=\"lazy\" decoding=\"async\" class=\" wp-image-660 aligncenter\" src=\"http:\/\/erlebensraum-musik.de\/wp-content\/uploads\/2024\/09\/DSC0718-199x300.jpg\" alt=\"\" width=\"226\" height=\"341\" srcset=\"http:\/\/erlebensraum-musik.de\/wp-content\/uploads\/2024\/09\/DSC0718-199x300.jpg 199w, http:\/\/erlebensraum-musik.de\/wp-content\/uploads\/2024\/09\/DSC0718-680x1024.jpg 680w, http:\/\/erlebensraum-musik.de\/wp-content\/uploads\/2024\/09\/DSC0718-768x1156.jpg 768w, http:\/\/erlebensraum-musik.de\/wp-content\/uploads\/2024\/09\/DSC0718-1020x1536.jpg 1020w, http:\/\/erlebensraum-musik.de\/wp-content\/uploads\/2024\/09\/DSC0718-1360x2048.jpg 1360w, http:\/\/erlebensraum-musik.de\/wp-content\/uploads\/2024\/09\/DSC0718-scaled.jpg 1700w\" sizes=\"auto, (max-width: 226px) 100vw, 226px\" \/><\/p>\n<p style=\"text-align: center;\"><strong>Ein Wechselspiel&#8230;<\/strong><\/p>\n<p style=\"text-align: center;\">\n","protected":false},"excerpt":{"rendered":"<p>Blockfl\u00f6ten: Die Blockfl\u00f6te ist ein wunderbares Instrument!\u00a0 Als ein Instrument wahrhaft biblischen Alters ist sie weit mehr als ein einfaches Einstiegsinstrument! Wer sie richtig versteht hat ein Instrument, das in jeder Lebenslage einen w\u00e4rmenden und reichen Klang zu schenken vermag. Ukulele: eine kleine\u00a0Gitarre mit zartem Klang und sie findet \u00fcberall einen Platz im Gep\u00e4ck! Als [&hellip;]<\/p>\n","protected":false},"author":1,"featured_media":0,"parent":0,"menu_order":5,"comment_status":"closed","ping_status":"closed","template":"","meta":{"footnotes":""},"class_list":["post-14","page","type-page","status-publish","hentry"],"_links":{"self":[{"href":"http:\/\/erlebensraum-musik.de\/index.php?rest_route=\/wp\/v2\/pages\/14","targetHints":{"allow":["GET"]}}],"collection":[{"href":"http:\/\/erlebensraum-musik.de\/index.php?rest_route=\/wp\/v2\/pages"}],"about":[{"href":"http:\/\/erlebensraum-musik.de\/index.php?rest_route=\/wp\/v2\/types\/page"}],"author":[{"embeddable":true,"href":"http:\/\/erlebensraum-musik.de\/index.php?rest_route=\/wp\/v2\/users\/1"}],"replies":[{"embeddable":true,"href":"http:\/\/erlebensraum-musik.de\/index.php?rest_route=%2Fwp%2Fv2%2Fcomments&post=14"}],"version-history":[{"count":36,"href":"http:\/\/erlebensraum-musik.de\/index.php?rest_route=\/wp\/v2\/pages\/14\/revisions"}],"predecessor-version":[{"id":687,"href":"http:\/\/erlebensraum-musik.de\/index.php?rest_route=\/wp\/v2\/pages\/14\/revisions\/687"}],"wp:attachment":[{"href":"http:\/\/erlebensraum-musik.de\/index.php?rest_route=%2Fwp%2Fv2%2Fmedia&parent=14"}],"curies":[{"name":"wp","href":"https:\/\/api.w.org\/{rel}","templated":true}]}}