{"id":198,"date":"2018-07-14T15:11:40","date_gmt":"2018-07-14T15:11:40","guid":{"rendered":"http:\/\/erlebensraum-musik.de\/?page_id=198"},"modified":"2019-03-10T16:58:50","modified_gmt":"2019-03-10T16:58:50","slug":"datenschutz","status":"publish","type":"page","link":"http:\/\/erlebensraum-musik.de\/?page_id=198","title":{"rendered":"Datenschutz"},"content":{"rendered":"<p><strong><span style=\"color: #000000;\"><span style=\"font-family: 'Liberation Sans', sans-serif;\"><span style=\"font-size: medium;\">Die<\/span><\/span><\/span><span style=\"color: #000000;\"><span style=\"font-family: 'Liberation Sans', sans-serif;\"><span style=\"font-size: medium;\">se<\/span><\/span><\/span><span style=\"color: #000000;\"><span style=\"font-family: 'Liberation Sans', sans-serif;\"><span style=\"font-size: medium;\"> nachfolgende Datenschutzerkl\u00e4rung gilt f\u00fcr <\/span><\/span><\/span><span style=\"color: #000000;\"><span style=\"font-family: 'Liberation Sans', sans-serif;\"><span style=\"font-size: medium;\">die Homepage <a href=\"http:\/\/www.erlebensraum-musik.de\/\">www.erlebensraum-musik.de<\/a> <\/span><\/span><\/span><\/strong><\/p>\n<p><span style=\"color: #000000;\"><span style=\"font-family: Arial, sans-serif;\"><span style=\"font-size: medium;\">Seit 25. Mai 2018 ist die neue Datenschutz-Grundverordnung in Kraft getreten. Ihr Ziel ist die EU-weite Vereinheitlichung der Regeln zur Verarbeitung personenbezogener Daten durch Unternehmen und \u00f6ffentliche Stellen.<\/span><\/span><\/span><\/p>\n<p><span style=\"color: #000000;\"><span style=\"font-family: Arial, sans-serif;\"><span style=\"font-size: medium;\">Die Nutzung meiner Homepage ist in der Regel ohne Angabe personenbezogener Daten m\u00f6glich. Soweit auf meinen Seiten personenbezogene Daten (beispielsweise Name, Anschrift oder E-Mail-Adressen) erhoben werden, erfolgt dies, soweit m\u00f6glich, stets auf freiwilliger Basis. Diese Daten werden ohne Ihre ausdr\u00fcckliche Zustimmung nicht an Dritte weitergegeben.<\/span><\/span><\/span><\/p>\n<p><span style=\"color: #000000;\"><span style=\"font-family: Arial, sans-serif;\"><span style=\"font-size: medium;\">Ich weise darauf hin, dass die Daten\u00fcbertragung im Internet (z.B. bei der Kommunikation per E-Mail) Sicherheitsl\u00fccken aufweisen kann. Ein l\u00fcckenloser Schutz der Daten vor dem Zugriff durch Dritte ist nicht m\u00f6glich.<\/span><\/span><\/span><\/p>\n<p><span style=\"color: #000000;\"><span style=\"font-family: Arial, sans-serif;\"><span style=\"font-size: medium;\"><span style=\"font-family: 'Liberation Sans', sans-serif;\">F\u00fcr Fragen oder Hinweise k\u00f6nnen Sie sich <\/span><span style=\"font-family: 'Liberation Sans', sans-serif;\">gerne an mich wenden.<\/span><\/span><\/span><\/span><\/p>\n<h2 class=\"western\" align=\"justify\"><span style=\"font-size: medium;\"><strong><span style=\"color: #000000;\"><span style=\"font-family: 'Liberation Sans', sans-serif;\">Personenbezogene Daten<\/span><\/span><\/strong><\/span><\/h2>\n<p><span style=\"color: #000000;\"><span style=\"font-family: 'Liberation Sans', sans-serif;\"><span style=\"font-size: medium;\">Der Schutz ihrer pers\u00f6nlichen Daten ist mir ein gro\u00dfes Anliegen. Die Online-Informationen meiner Homepage k\u00f6nnen Sie grunds\u00e4tzlich ohne Angabe Ihrer pers\u00f6nlichen Daten nutzen.<\/span><\/span><\/span><\/p>\n<p><span style=\"color: #000000;\"><span style=\"font-family: 'Liberation Sans', sans-serif;\"><span style=\"font-size: medium;\">Erlebensraum Musik erhebt, speichert und bearbeitet personenbezogene Daten in \u00dcbereinstimmung mit Artikel 6, der EU-Datenschutzgrundverordnung f\u00fcr folgende Zwecke:<\/span><\/span><\/span><\/p>\n<p><span style=\"color: #000000;\"><span style=\"font-family: 'Liberation Sans', sans-serif;\"><span style=\"font-size: medium;\">Anmeldung und Kontakt \u00fcber E-Mail und Telefon bei Anfragen und Terminvereinbarungen <\/span><\/span><\/span><\/p>\n<p><span style=\"color: #000000;\"><span style=\"font-family: Arial, sans-serif;\"><span style=\"font-size: medium;\">Treten Sie bzgl. Fragen jeglicher Art per E-Mail oder Kontaktformular mit mir in Kontakt, erteilen Sie mir zum Zwecke der Kontaktaufnahme Ihre freiwillige Einwilligung. Hierf\u00fcr ist die Angabe einer validen E-Mail-Adresse erforderlich. Diese dient der Zuordnung der Anfrage und der anschlie\u00dfenden Beantwortung derselben. Die Angabe weiterer Daten ist optional. Die von Ihnen gemachten Angaben werden zum Zwecke der Bearbeitung der Anfrage sowie f\u00fcr m\u00f6gliche Anschlussfragen gespeichert.<\/span><\/span><\/span><\/p>\n<p><span style=\"color: #000000;\"><span style=\"font-family: 'Liberation Sans', sans-serif;\"><span style=\"font-size: medium;\">Gespeichert und bearbeitet werden grunds\u00e4tzlich nur solche personenbezogenen Daten, die Sie mir mitgeteilt haben.<\/span><\/span><\/span><\/p>\n<h2 class=\"western\"><span style=\"font-size: medium;\"><strong><span style=\"color: #000000;\"><span style=\"font-family: 'Liberation Sans', sans-serif;\">Weitergabe personenbezogener Informationen an Dritte<\/span><\/span><\/strong><\/span><\/h2>\n<p><span style=\"color: #000000;\"><span style=\"font-family: 'Liberation Sans', sans-serif;\"><span style=\"font-size: medium;\">Personenbezogene Informationen gebe ich nur an Dritte weiter, soweit dies von Ihnen gew\u00fcnscht wird oder erforderlich ist. Bei Weitergabe beschr\u00e4nkt sich der Umfang der \u00fcbermittelten Daten auf das erforderliche Minimum. Im \u00dcbrigen gebe ich Ihre pers\u00f6nlichen Daten nicht ohne Ihr ausdr\u00fcckliches Einverst\u00e4ndnis an Dritte weiter, sofern ich nicht durch ein Gesetz oder einen Gerichtsbeschluss dazu verpflichtet sein sollte.<\/span><\/span><\/span><\/p>\n<h2 class=\"western\"><span style=\"font-size: medium;\"><strong><span style=\"color: #000000;\"><span style=\"font-family: 'Liberation Sans', sans-serif;\">Speicherung personenbezogener Daten<\/span><\/span><\/strong><\/span><\/h2>\n<p><span style=\"color: #000000;\"><span style=\"font-family: 'Liberation Sans', sans-serif;\"><span style=\"font-size: medium;\">Ihre personenbezogenen Daten speichere ich auf technisch und organisatorisch gesch\u00fctzten Rechnern innerhalb der EU. Gespeichert sind diese solange, wie dies f\u00fcr den Musikunterricht n\u00f6tig ist. Danach behalte ich die Daten f\u00fcr maximal 5 Jahre, damit ich Sie weiter informieren und zu Veranstaltungen einladen k\u00f6nnte. Dieser Nutzung k\u00f6nnen Sie f\u00fcr die Zukunft jederzeit widersprechen. Danach werden die Daten gel\u00f6scht.<\/span><\/span><\/span><\/p>\n<h2 class=\"western\"><span style=\"font-size: medium;\"><strong><span style=\"color: #000000;\"><span style=\"font-family: 'Liberation Sans', sans-serif;\">Aktualisierung von Adressdaten<\/span><\/span><\/strong><\/span><\/h2>\n<p><span style=\"color: #000000;\"><span style=\"font-family: 'Liberation Sans', sans-serif;\"><span style=\"font-size: medium;\">Sofern mir eine \u00c4nderung der Adressdaten nicht von Ihnen mitgeteilt wird, versuche ich diese aktuell zu halten. Die Korrespondenz mit Ihnen erfolgt dann automatisch \u00fcber die neuen Adressdaten.<\/span><\/span><\/span><\/p>\n<h2 class=\"western\"><span style=\"font-size: medium;\"><strong><span style=\"color: #000000;\"><span style=\"font-family: 'Liberation Sans', sans-serif;\">Einsatz von Cookies, Analysediensten und Datenprotokollierung<\/span><\/span><\/strong><\/span><\/h2>\n<p><span style=\"color: #000000;\"><span style=\"font-family: 'Liberation Sans', sans-serif;\"><span style=\"font-size: medium;\">Da sie auf meiner Homepage weder einkaufen noch ein Kontaktformular ausf\u00fcllen k\u00f6nnen, verwende ich meines Wissens keine \u201eCookies\u201d. (Cookies sind kleine, auf Ihrem Rechner gespeicherte Dateien mit Konfigurationsinformationen, die je nach Browsereinstellung am Ende der Session gel\u00f6scht werden und die keine Ihrer Daten abrufen oder beeintr\u00e4chtigen.) Externe Dienste zur personenbezogenen Analyse der Seitennutzung, wie z.B. Google Analytics, werden von mir nicht eingesetzt.<\/span><\/span><\/span><\/p>\n<p><span style=\"color: #000000;\"><span style=\"font-family: 'Liberation Sans', sans-serif;\"><span style=\"font-size: medium;\">Beim Besuch meiner Webseite erzeugt der Web-Server automatisch Eintr\u00e4ge in Log-Files, die keiner bestimmten Person zugeordnet werden k\u00f6nnen. Diese Daten beinhalten z. B. den Browsertyp und -version, verwendetes Betriebssystem, URL der aufrufenden Seite, IP-Adresse des anfragenden Rechners, Zugriffsdatum und -uhrzeit der Anfrage und die Dateianfrage des Client (Dateiname und URL). Diese Daten werden nur zum Zweck der statistischen Auswertung gesammelt. Eine Weitergabe an Dritte, zu kommerziellen oder nichtkommerziellen Zwecken, findet nicht statt.<\/span><\/span><\/span><\/p>\n<h2 class=\"western\"><span style=\"font-size: medium;\"><strong><span style=\"color: #000000;\"><span style=\"font-family: 'Liberation Sans', sans-serif;\">Recht auf Auskunft, Widerspruch, Berichtigung und L\u00f6schung<\/span><\/span><\/strong><\/span><\/h2>\n<p><span style=\"color: #333333;\"><span style=\"color: #000000;\"><span style=\"font-family: 'Liberation Sans', sans-serif;\"><span style=\"font-size: medium;\">Sie haben die M\u00f6glichkeit, jederzeit unentgeltlich Auskunft \u00fcber die zu Ihrer Person gespeicherten Daten zu erhalten. Sie k\u00f6nnen der Nutzung der bei <\/span><\/span><\/span><span style=\"color: #000000;\"><span style=\"font-family: 'Liberation Sans', sans-serif;\"><span style=\"font-size: medium;\">mir<\/span><\/span><\/span><span style=\"color: #000000;\"><span style=\"font-family: 'Liberation Sans', sans-serif;\"><span style=\"font-size: medium;\"> gespeicherten pers\u00f6nlichen Daten jederzeit f\u00fcr die Zukunft widersprechen. Auf Verlangen werden Ihre Daten von <\/span><\/span><\/span><span style=\"color: #000000;\"><span style=\"font-family: 'Liberation Sans', sans-serif;\"><span style=\"font-size: medium;\">mir<\/span><\/span><\/span><span style=\"color: #000000;\"><span style=\"font-family: 'Liberation Sans', sans-serif;\"><span style=\"font-size: medium;\"> berichtigt oder gel\u00f6scht beziehungsweise gesperrt, falls eine gesetzliche Aufbewahrungsfrist dem L\u00f6schen entgegensteht.<\/span><\/span><\/span><\/span><\/p>\n<p>F\u00fcr Antrag auf Auskunft, Widerspruch, Berichtigung, L\u00f6schung oder f\u00fcr n\u00e4here Informationen zum Datenschutz wenden Sie sich per E-Mail an <span style=\"color: #000000;\"><span style=\"font-family: 'Liberation Sans', sans-serif;\"><span style=\"font-size: medium;\"><a href=\"mailto:karin@erlebensraum-musik.de\">karin@erlebensraum-musik.de<\/a> .<\/span><\/span><\/span><\/p>\n<p><span style=\"color: #000000;\"><span style=\"font-family: 'Liberation Sans', sans-serif;\"><span style=\"font-size: medium;\"><b>Sie k\u00f6nnen jederzeit folgende Rechte aus\u00fcben:<\/b><\/span><\/span><\/span><\/p>\n<ul>\n<li><span style=\"color: #000000;\"><span style=\"font-family: 'Liberation Sans', sans-serif;\"><span style=\"font-size: medium;\">Auskunft \u00fcber Ihre bei mir gespeicherten Daten und deren Verarbeitung,<\/span><\/span><\/span><\/li>\n<li><span style=\"color: #000000;\"><span style=\"font-family: 'Liberation Sans', sans-serif;\"><span style=\"font-size: medium;\">Berichtigung unrichtiger personenbezogener Daten,<\/span><\/span><\/span><\/li>\n<li><span style=\"color: #000000;\"><span style=\"font-family: 'Liberation Sans', sans-serif;\"><span style=\"font-size: medium;\">L\u00f6schung Ihrer bei uns gespeicherten Daten,<\/span><\/span><\/span><\/li>\n<li><span style=\"color: #000000;\"><span style=\"font-family: 'Liberation Sans', sans-serif;\"><span style=\"font-size: medium;\">Einschr\u00e4nkung der Datenverarbeitung, sofern ich Ihre Daten aufgrund gesetzlicher Pflichten noch nicht l\u00f6schen darf,<\/span><\/span><\/span><\/li>\n<li><span style=\"color: #000000;\"><span style=\"font-family: 'Liberation Sans', sans-serif;\"><span style=\"font-size: medium;\">Widerspruch gegen die Verarbeitung Ihrer Daten bei mir und<\/span><\/span><\/span><\/li>\n<li><span style=\"color: #000000;\"><span style=\"font-family: 'Liberation Sans', sans-serif;\"><span style=\"font-size: medium;\">Daten\u00fcbertragbarkeit, sofern Sie in die Datenverarbeitung eingewilligt haben oder einen Vertrag mit mir abgeschlossen haben.<\/span><\/span><\/span><\/li>\n<\/ul>\n<p><span style=\"color: #000000;\"><span style=\"font-family: 'Liberation Sans', sans-serif;\"><span style=\"font-size: medium;\">Auf schriftliche Anfrage werde ich Sie gern \u00fcber die zu Ihrer Person gespeicherten Daten informieren. Sofern Sie mir eine Einwilligung erteilt haben, k\u00f6nnen Sie diese jederzeit mit Wirkung f\u00fcr die Zukunft widerrufen.<\/span><\/span><\/span><\/p>\n<p><strong><span style=\"color: #000000;\"><span style=\"font-family: 'Liberation Sans', sans-serif;\"><span style=\"font-size: medium;\"><b>\u00c4nderung <\/b><\/span><\/span><\/span><\/strong><strong><span style=\"color: #000000;\"><span style=\"font-family: 'Liberation Sans', sans-serif;\"><span style=\"font-size: medium;\"><b>mein<\/b><\/span><\/span><\/span><\/strong><strong><span style=\"color: #000000;\"><span style=\"font-family: 'Liberation Sans', sans-serif;\"><span style=\"font-size: medium;\"><b>er Datenschutzbestimmungen<\/b><\/span><\/span><\/span><\/strong><\/p>\n<p><span style=\"color: #000000;\"><span style=\"font-family: 'Liberation Sans', sans-serif;\"><span style=\"font-size: medium;\">Ich behalte mir vor, diese Datenschutzerkl\u00e4rung anzupassen, damit sie stets den aktuellen rechtlichen Anforderungen entspricht oder um \u00c4nderungen meiner Leistungen in der Datenschutzerkl\u00e4rung umzusetzen, z.B. bei der Einf\u00fchrung neuer Services. F\u00fcr Ihren erneuten Besuch gilt dann die neue Datenschutzerkl\u00e4rung.<\/span><\/span><\/span><\/p>\n<p><strong><span style=\"color: #000000;\"><span style=\"font-family: 'Liberation Sans', sans-serif;\"><span style=\"font-size: medium;\"><b>Stand 22.05.2018<\/b><\/span><\/span><\/span><\/strong><\/p>\n","protected":false},"excerpt":{"rendered":"<p>Diese nachfolgende Datenschutzerkl\u00e4rung gilt f\u00fcr die Homepage www.erlebensraum-musik.de Seit 25. Mai 2018 ist die neue Datenschutz-Grundverordnung in Kraft getreten. Ihr Ziel ist die EU-weite Vereinheitlichung der Regeln zur Verarbeitung personenbezogener Daten durch Unternehmen und \u00f6ffentliche Stellen. Die Nutzung meiner Homepage ist in der Regel ohne Angabe personenbezogener Daten m\u00f6glich. Soweit auf meinen Seiten personenbezogene Daten [&hellip;]<\/p>\n","protected":false},"author":1,"featured_media":0,"parent":32,"menu_order":100,"comment_status":"closed","ping_status":"closed","template":"","meta":{"footnotes":""},"class_list":["post-198","page","type-page","status-publish","hentry"],"_links":{"self":[{"href":"http:\/\/erlebensraum-musik.de\/index.php?rest_route=\/wp\/v2\/pages\/198","targetHints":{"allow":["GET"]}}],"collection":[{"href":"http:\/\/erlebensraum-musik.de\/index.php?rest_route=\/wp\/v2\/pages"}],"about":[{"href":"http:\/\/erlebensraum-musik.de\/index.php?rest_route=\/wp\/v2\/types\/page"}],"author":[{"embeddable":true,"href":"http:\/\/erlebensraum-musik.de\/index.php?rest_route=\/wp\/v2\/users\/1"}],"replies":[{"embeddable":true,"href":"http:\/\/erlebensraum-musik.de\/index.php?rest_route=%2Fwp%2Fv2%2Fcomments&post=198"}],"version-history":[{"count":3,"href":"http:\/\/erlebensraum-musik.de\/index.php?rest_route=\/wp\/v2\/pages\/198\/revisions"}],"predecessor-version":[{"id":203,"href":"http:\/\/erlebensraum-musik.de\/index.php?rest_route=\/wp\/v2\/pages\/198\/revisions\/203"}],"up":[{"embeddable":true,"href":"http:\/\/erlebensraum-musik.de\/index.php?rest_route=\/wp\/v2\/pages\/32"}],"wp:attachment":[{"href":"http:\/\/erlebensraum-musik.de\/index.php?rest_route=%2Fwp%2Fv2%2Fmedia&parent=198"}],"curies":[{"name":"wp","href":"https:\/\/api.w.org\/{rel}","templated":true}]}}