{"id":212,"date":"2018-07-18T09:22:21","date_gmt":"2018-07-18T09:22:21","guid":{"rendered":"http:\/\/erlebensraum-musik.de\/?page_id=212"},"modified":"2025-05-26T15:32:32","modified_gmt":"2025-05-26T15:32:32","slug":"sprechstimme","status":"publish","type":"page","link":"http:\/\/erlebensraum-musik.de\/?page_id=212","title":{"rendered":"Stimmklang"},"content":{"rendered":"<p>Der Klang unserer Stimme ist die Tr\u00e4gersubstanz f\u00fcr jedes gesprochene Wort und jeden gesungenen Ton. Durch die zentrale Funktion des Kehlkopfes und durch die Physik des Klangs bietet sich ein ganzheitlicher Umgang mit unserer Stimmfunktion an. Durch funktionale Stimmbildung k\u00f6nnen Synergien zwischen Stimme, Atmung, K\u00f6rperhaltung, K\u00f6rpertonus, Geh\u00f6r, Intonation, Artikulation und Pers\u00f6nlichkeitsentwicklung entstehen. Das l\u00e4sst die Beziehung zur eigenen Stimme reifen, wodurch auch die F\u00e4higkeiten und die Freude am Singen wachsen.<\/p>\n<p>\u00dcber die\u00a0Lichtenberger\u00ae Methode kann der S\u00e4nger den eigenen Kehlkopf kennen- und f\u00fchlen lernen. Hierbei geht es nicht um die Verbesserung konventioneller Techniken rund um die Stimme, sondern vor allem um eine Verbesserung der individuellen Wahrnehmungsf\u00e4higkeit. Die Stimme erf\u00e4hrt eine gr\u00f6\u00dfere Leichtigkeit und Freiheit. Das Zusammenspiel von Stimme und K\u00f6rper wird auf diesem Weg im allt\u00e4glichen und k\u00fcnstlerischen\/ musischen Umgang verfeinert, abgestimmter und physiologischer. Die Stimme kann sich auf\u00a0nachhaltige Weise entfalten.<\/p>\n<p>Wir gebrauchen\u00a0 unsere Stimme so selbstverst\u00e4ndlich, dass wir uns ihres treuen Dienstes h\u00e4ufig nicht bewusst sind. Sie ist mehr als ein\u00a0Medium unserer Kommunikation. Stimme in Sprache und Gesang ist ein wunderbares Geschenk des Sch\u00f6pfers!<\/p>\n<p>Sich dem eigenen Stimmklang zu n\u00e4hern ist\u00a0 mit Einzelunterricht auf sehr individuelle Weise m\u00f6glich, aber auch Singkreise, Workshops u.v.m. geben M\u00f6glichkeit Erfahrungen zu sammeln bewusster, feinsinniger, bedachter und klangvoller mit sich und der eignen Stimme umzugehen.<\/p>\n<p><img loading=\"lazy\" decoding=\"async\" class=\"size-medium wp-image-653 aligncenter\" src=\"http:\/\/erlebensraum-musik.de\/wp-content\/uploads\/2024\/09\/DSC0556-199x300.jpg\" alt=\"\" width=\"199\" height=\"300\" srcset=\"http:\/\/erlebensraum-musik.de\/wp-content\/uploads\/2024\/09\/DSC0556-199x300.jpg 199w, http:\/\/erlebensraum-musik.de\/wp-content\/uploads\/2024\/09\/DSC0556-680x1024.jpg 680w, http:\/\/erlebensraum-musik.de\/wp-content\/uploads\/2024\/09\/DSC0556-768x1157.jpg 768w, http:\/\/erlebensraum-musik.de\/wp-content\/uploads\/2024\/09\/DSC0556-1020x1536.jpg 1020w, http:\/\/erlebensraum-musik.de\/wp-content\/uploads\/2024\/09\/DSC0556-1360x2048.jpg 1360w, http:\/\/erlebensraum-musik.de\/wp-content\/uploads\/2024\/09\/DSC0556-scaled.jpg 1700w\" sizes=\"auto, (max-width: 199px) 100vw, 199px\" \/><\/p>\n<p style=\"text-align: right;\">\n","protected":false},"excerpt":{"rendered":"<p>Der Klang unserer Stimme ist die Tr\u00e4gersubstanz f\u00fcr jedes gesprochene Wort und jeden gesungenen Ton. Durch die zentrale Funktion des Kehlkopfes und durch die Physik des Klangs bietet sich ein ganzheitlicher Umgang mit unserer Stimmfunktion an. Durch funktionale Stimmbildung k\u00f6nnen Synergien zwischen Stimme, Atmung, K\u00f6rperhaltung, K\u00f6rpertonus, Geh\u00f6r, Intonation, Artikulation und Pers\u00f6nlichkeitsentwicklung entstehen. Das l\u00e4sst die [&hellip;]<\/p>\n","protected":false},"author":1,"featured_media":0,"parent":0,"menu_order":4,"comment_status":"closed","ping_status":"closed","template":"","meta":{"footnotes":""},"class_list":["post-212","page","type-page","status-publish","hentry"],"_links":{"self":[{"href":"http:\/\/erlebensraum-musik.de\/index.php?rest_route=\/wp\/v2\/pages\/212","targetHints":{"allow":["GET"]}}],"collection":[{"href":"http:\/\/erlebensraum-musik.de\/index.php?rest_route=\/wp\/v2\/pages"}],"about":[{"href":"http:\/\/erlebensraum-musik.de\/index.php?rest_route=\/wp\/v2\/types\/page"}],"author":[{"embeddable":true,"href":"http:\/\/erlebensraum-musik.de\/index.php?rest_route=\/wp\/v2\/users\/1"}],"replies":[{"embeddable":true,"href":"http:\/\/erlebensraum-musik.de\/index.php?rest_route=%2Fwp%2Fv2%2Fcomments&post=212"}],"version-history":[{"count":28,"href":"http:\/\/erlebensraum-musik.de\/index.php?rest_route=\/wp\/v2\/pages\/212\/revisions"}],"predecessor-version":[{"id":708,"href":"http:\/\/erlebensraum-musik.de\/index.php?rest_route=\/wp\/v2\/pages\/212\/revisions\/708"}],"wp:attachment":[{"href":"http:\/\/erlebensraum-musik.de\/index.php?rest_route=%2Fwp%2Fv2%2Fmedia&parent=212"}],"curies":[{"name":"wp","href":"https:\/\/api.w.org\/{rel}","templated":true}]}}