{"id":23,"date":"2016-05-07T12:35:35","date_gmt":"2016-05-07T12:35:35","guid":{"rendered":"http:\/\/erlebensraum-musik.de\/?page_id=23"},"modified":"2025-05-26T15:33:07","modified_gmt":"2025-05-26T15:33:07","slug":"zur-person","status":"publish","type":"page","link":"http:\/\/erlebensraum-musik.de\/?page_id=23","title":{"rendered":"Zur Person"},"content":{"rendered":"<p><strong>Ein kleiner musikalischer Lebenslauf<\/strong><br \/>\nMit 4 Jahren besuchte ich meine erste Musikstunde. F\u00fcr die fr\u00fche und jahrelange F\u00f6rderung bin ich sehr dankbar. Was am Anfang mit einem Instrument begann wuchs nach und nach zu einem bunten Nebeneinander von instrumentalem Unterricht: Sopran- und Altfl\u00f6te, Trompete, Klavier, Gitarre.<\/p>\n<p>Neben der musikalischen Ausbildung hatte ich auch viel Freude am Ballett und am kreativen Arbeiten. Damit hatte ich als Teenager drei Lieblingsbesch\u00e4ftigungen: Musik, Kunst und Tanz.<\/p>\n<p>Die letzten 3 Schuljahre vor dem Abitur besuchte ich ein Oberstufeninternat mit Schwerpunkt Musik.<br \/>\nDort erhielt ich meine erste Gesangstunde.<\/p>\n<p>Meine erste Gesangslehrerin, Christa Palmer, hat mir damals, 1993, durch die Lichtenberger\u00ae Methode eine neue Welt des Musizierens er\u00f6ffnet.\u00a0 Sie ermutigte mich den spannenden Weg der Stimmp\u00e4dagogik am Lichtenberger\u00ae Institut f\u00fcr Gesangs- und Instrumentalp\u00e4dagogik zu beschreiten. Durch sie fand ich den Weg nach Lichtenberg und begann mich dort nach Lichtenberger\u00ae Methode ausbilden zu lassen. Den Lichtenberger Studiengang habe ich 2018 abgeschlossen. Um in der Weiterentwicklung zu bleiben, nehme ich sehr gerne mehrmals j\u00e4hrlich an Seminaren des Institutes teil.<\/p>\n<p>Vor meiner musikalischen Ausbildung entschied ich mich allerdings dazu am Diakonissenkrankenhaus in Stuttgart die Ausbildung zur Gesundheits- und Krankenschwester zu absolvieren. Die dort erworbenen medizinischen Kenntnisse, sowie die Erfahrungen im Umgang mit Menschen waren sehr wertvoll auf dem weiteren Weg. Der von den Diakonissen wunderbar vermittelte Blick auf die Ganzheitlichkeit des Menschen und die W\u00fcrde als Gesch\u00f6pfe Gottes, wurde mir auf dem weiteren Weg ein guter Begleiter.<\/p>\n<p>Neben der Ausbildung am Lichtenberger Institut habe ich eine Chorleiterschulung durchlaufen und am Mainzer Institut f\u00fcr elementare Musik zahlreiche Seminare\u00a0 und Fortbildungen besucht.<\/p>\n<p>Es ist mein Anliegen, Kindern und \u00a0Erwachsenen die Freude am Gesang, der Sprache, am Instrumentalspiel und der Musik zu vermitteln. Im Klang und in der Musik liegt ein heilsamer Schatz verborgen.<\/p>\n<p><img loading=\"lazy\" decoding=\"async\" class=\"size-medium wp-image-662 aligncenter\" src=\"http:\/\/erlebensraum-musik.de\/wp-content\/uploads\/2024\/09\/DSC0723-199x300.jpg\" alt=\"\" width=\"199\" height=\"300\" srcset=\"http:\/\/erlebensraum-musik.de\/wp-content\/uploads\/2024\/09\/DSC0723-199x300.jpg 199w, http:\/\/erlebensraum-musik.de\/wp-content\/uploads\/2024\/09\/DSC0723-680x1024.jpg 680w, http:\/\/erlebensraum-musik.de\/wp-content\/uploads\/2024\/09\/DSC0723-768x1156.jpg 768w, http:\/\/erlebensraum-musik.de\/wp-content\/uploads\/2024\/09\/DSC0723-1020x1536.jpg 1020w, http:\/\/erlebensraum-musik.de\/wp-content\/uploads\/2024\/09\/DSC0723-1360x2048.jpg 1360w, http:\/\/erlebensraum-musik.de\/wp-content\/uploads\/2024\/09\/DSC0723-scaled.jpg 1700w\" sizes=\"auto, (max-width: 199px) 100vw, 199px\" \/><\/p>\n<p style=\"text-align: center;\"><em><strong>Halleluja! Lobt Gott in seinem Heiligtum!\u00a0<\/strong><\/em><\/p>\n<p style=\"text-align: center;\"><em><strong>Lobt ihn mit Saitenspiel und Fl\u00f6te! <\/strong><\/em><\/p>\n<p style=\"text-align: center;\"><em><strong>\u00a0Alles, was Odem hat, lobe HERRN! <\/strong><\/em><\/p>\n<p style=\"text-align: center;\"><em><strong>Halleluja!<\/strong><\/em><\/p>\n<p style=\"text-align: right;\">aus Psalm 150<\/p>\n<p>&nbsp;<\/p>\n","protected":false},"excerpt":{"rendered":"<p>Ein kleiner musikalischer Lebenslauf Mit 4 Jahren besuchte ich meine erste Musikstunde. F\u00fcr die fr\u00fche und jahrelange F\u00f6rderung bin ich sehr dankbar. Was am Anfang mit einem Instrument begann wuchs nach und nach zu einem bunten Nebeneinander von instrumentalem Unterricht: Sopran- und Altfl\u00f6te, Trompete, Klavier, Gitarre. Neben der musikalischen Ausbildung hatte ich auch viel Freude [&hellip;]<\/p>\n","protected":false},"author":1,"featured_media":0,"parent":0,"menu_order":9,"comment_status":"closed","ping_status":"closed","template":"","meta":{"footnotes":""},"class_list":["post-23","page","type-page","status-publish","hentry"],"_links":{"self":[{"href":"http:\/\/erlebensraum-musik.de\/index.php?rest_route=\/wp\/v2\/pages\/23","targetHints":{"allow":["GET"]}}],"collection":[{"href":"http:\/\/erlebensraum-musik.de\/index.php?rest_route=\/wp\/v2\/pages"}],"about":[{"href":"http:\/\/erlebensraum-musik.de\/index.php?rest_route=\/wp\/v2\/types\/page"}],"author":[{"embeddable":true,"href":"http:\/\/erlebensraum-musik.de\/index.php?rest_route=\/wp\/v2\/users\/1"}],"replies":[{"embeddable":true,"href":"http:\/\/erlebensraum-musik.de\/index.php?rest_route=%2Fwp%2Fv2%2Fcomments&post=23"}],"version-history":[{"count":56,"href":"http:\/\/erlebensraum-musik.de\/index.php?rest_route=\/wp\/v2\/pages\/23\/revisions"}],"predecessor-version":[{"id":709,"href":"http:\/\/erlebensraum-musik.de\/index.php?rest_route=\/wp\/v2\/pages\/23\/revisions\/709"}],"wp:attachment":[{"href":"http:\/\/erlebensraum-musik.de\/index.php?rest_route=%2Fwp%2Fv2%2Fmedia&parent=23"}],"curies":[{"name":"wp","href":"https:\/\/api.w.org\/{rel}","templated":true}]}}